{"id":306,"date":"2017-12-07T20:59:05","date_gmt":"2017-12-07T20:59:05","guid":{"rendered":"http:\/\/gayer-erdarbeiten.de\/inhalt\/?page_id=306"},"modified":"2019-03-01T10:41:53","modified_gmt":"2019-03-01T09:41:53","slug":"referenzen","status":"publish","type":"page","link":"https:\/\/gayer-erdarbeiten.de\/inhalt\/referenzen\/","title":{"rendered":"Referenzen"},"content":{"rendered":"<p><div id=\"#intro\"><div class=\"fusion-fullwidth fullwidth-box nonhundred-percent-fullwidth non-hundred-percent-height-scrolling\"  style='background-color: rgba(255,255,255,0);background-position: center center;background-repeat: no-repeat;padding-top:120px;padding-right:0px;padding-bottom:70px;padding-left:0px;'><div class=\"fusion-builder-row fusion-row \"><div  class=\"fusion-layout-column fusion_builder_column fusion_builder_column_1_1  fusion-one-full fusion-column-first fusion-column-last 1_1\"  style='margin-top:0px;margin-bottom:20px;'>\n\t\t\t\t\t<div class=\"fusion-column-wrapper\" style=\"padding: 0px 0px 0px 0px;background-position:left top;background-repeat:no-repeat;-webkit-background-size:cover;-moz-background-size:cover;-o-background-size:cover;background-size:cover;\"   data-bg-url=\"\">\n\t\t\t\t\t\t<div class=\"fusion-text\"><h2 style=\"text-align: center;\">Referenzen<\/h2>\n<\/div><div class=\"fusion-text\"><h5 style=\"text-align: center;\"><strong>Einige Beispiele von Bauprojekten, die unseren Leistungsumfang<br \/>\nund unsere langj\u00e4hrige Erfahrung widerspiegeln.<\/strong><\/h5>\n<\/div><div class=\"fusion-clearfix\"><\/div>\n\n\t\t\t\t\t<\/div>\n\t\t\t\t<\/div><\/div><\/div><\/div><div class=\"fusion-fullwidth fullwidth-box nonhundred-percent-fullwidth non-hundred-percent-height-scrolling\"  style='background-color: rgba(255,255,255,0);background-position: center center;background-repeat: no-repeat;padding-top:0px;padding-right:0px;padding-bottom:0px;padding-left:0px;'><div class=\"fusion-builder-row fusion-row \"><div  class=\"fusion-layout-column fusion_builder_column fusion_builder_column_1_1  fusion-one-full fusion-column-first fusion-column-last 1_1\"  style='margin-top:0px;margin-bottom:100px;'>\n\t\t\t\t\t<div class=\"fusion-column-wrapper\" style=\"padding: 0px 0px 0px 0px;background-position:left top;background-repeat:no-repeat;-webkit-background-size:cover;-moz-background-size:cover;-o-background-size:cover;background-size:cover;\"   data-bg-url=\"\">\n\t\t\t\t\t\t\n<div class=\"table-1\">\n<table width=\"100%\">\n<tbody>\n<tr>\n<td align=\"left\" width=\"50%\">\n<ul>\n<li>Schnellbahntrasse Stgt. &#8211; Mannheim 1986<br \/>\nMarksteintunnel Aushub<\/li>\n<\/ul>\n<\/td>\n<td align=\"left\" width=\"50%\">\n<ul>\n<li>Gew\u00e4chsh\u00e4user<br \/>\nErdbewegungen in Hochdorf 60.000 m\u00b2, in Enzweihingen 30.000&nbsp;m\u00b2<\/li>\n<\/ul>\n<\/td>\n<\/tr>\n<tr>\n<td align=\"left\">\n<ul>\n<li>Kl\u00e4ranlage Enzweihingen 1999<br \/>\nErdarbeiten 35.000 m\u00b3, Baugruben- und Kanalaushub<\/li>\n<\/ul>\n<\/td>\n<td align=\"left\">\n<ul>\n<li>Steinbruch<br \/>\nAbraumarbeiten in Ro\u00dfwag, Illingen<\/li>\n<\/ul>\n<\/td>\n<\/tr>\n<tr>\n<td align=\"left\">\n<ul>\n<li>&#8230; weitere Kl\u00e4ranlagen in<br \/>\nGro\u00dfglattbach, Markgr\u00f6ningen, Friolzheim etc.<\/li>\n<\/ul>\n<\/td>\n<td align=\"left\">\n<ul>\n<li>Sonnenhof Tiefgarage<br \/>\nin Kleinaspach, Erdarbeiten<\/li>\n<\/ul>\n<\/td>\n<\/tr>\n<tr>\n<td align=\"left\">\n<ul>\n<li>R\u00fcckhaltebecken W\u00fcrm<br \/>\nErdarbeiten 10.000 m\u00b3<\/li>\n<\/ul>\n<\/td>\n<td align=\"left\">\n<ul>\n<li>Sportpl\u00e4tze<br \/>\nErdbewegungen in Ro\u00dfwag, Aurich, Nu\u00dfdorf, Hochdorf, \u00d6lbronn, Pattonville etc.<\/li>\n<\/ul>\n<\/td>\n<\/tr>\n<tr>\n<td align=\"left\">\n<ul>\n<li>BMX &#8211; Bahn Nussdorf<br \/>\nAuff\u00fcllung und Modellierung Bahn<\/li>\n<\/ul>\n<\/td>\n<td align=\"left\">\n<ul>\n<li>S\u00e4mtliche Aushub- und Verf\u00fcllarbeiten seit \u00fcber 40 Jahren<br \/>\nf\u00fcr Einfamilien- und Mehrfamilienh\u00e4user in der Region<\/li>\n<\/ul>\n<\/td>\n<\/tr>\n<tr>\n<td align=\"left\">\n<ul>\n<li>WZG M\u00f6glingen<br \/>\nErweiterung<\/li>\n<\/ul>\n<\/td>\n<td align=\"left\">\n<ul>\n<li>Penny Supermarkt<br \/>\nHorrheim<\/li>\n<\/ul>\n<\/td>\n<\/tr>\n<tr>\n<td align=\"left\">\n<ul>\n<li>Altersheime<br \/>\nBaugruben in Illingen, Tamm, Sachsenheim, Hirschlanden etc.<\/li>\n<\/ul>\n<\/td>\n<td align=\"left\">\n<ul>\n<li>Netto Supermarkt<br \/>\nIllingen<\/li>\n<\/ul>\n<\/td>\n<\/tr>\n<tr>\n<td align=\"left\">\n<ul>\n<li>Krankenhaus Vaihingen Vaisana<br \/>\nBaugrube<\/li>\n<\/ul>\n<\/td>\n<td align=\"left\">\n<ul>\n<li>JVA in Stammheim, Erweiterung<br \/>\nFa. Kirchhoff 30.000 m\u00b3<\/li>\n<\/ul>\n<\/td>\n<\/tr>\n<tr>\n<td align=\"left\">\n<ul>\n<li>Enzbr\u00fccke Ro\u00dfwag<br \/>\nKomplette Erdarbeiten<\/li>\n<\/ul>\n<\/td>\n<td align=\"left\">\n<ul>\n<li>E-Werk in Vaihingen\/Enz<br \/>\nWasserbau in der Enz 5.000 m\u00b3<\/li>\n<\/ul>\n<\/td>\n<\/tr>\n<tr>\n<td align=\"left\">\n<ul>\n<li>Waldwegebau<br \/>\nin Illingen, M\u00f6nsheim, Knittlingen etc.<\/li>\n<\/ul>\n<\/td>\n<td align=\"left\">\n<ul>\n<li>Sporthalle in M\u00fchlacker<br \/>\n13.000&nbsp;m\u00b3<\/li>\n<\/ul>\n<\/td>\n<\/tr>\n<tr>\n<td align=\"left\">\n<ul>\n<li>Feuerwehrhaus Hemmingen<br \/>\n4.000&nbsp;m\u00b3<\/li>\n<\/ul>\n<\/td>\n<td align=\"left\"><\/td>\n<\/tr>\n<\/tbody>\n<\/table>\n<\/div>\n<div class=\"fusion-clearfix\"><\/div>\n\n\t\t\t\t\t<\/div>\n\t\t\t\t<\/div><\/div><\/div><div class=\"fusion-fullwidth fullwidth-box fusion-parallax-none nonhundred-percent-fullwidth non-hundred-percent-height-scrolling lazyload\"  style='background-color: rgba(255,255,255,0);background-position: center center;background-repeat: no-repeat;padding-top:7%;padding-right:0px;padding-bottom:7%;padding-left:0px;-webkit-background-size:cover;-moz-background-size:cover;-o-background-size:cover;background-size:cover;' data-bg=\"https:\/\/gayer-erdarbeiten.de\/inhalt\/wp-content\/uploads\/2018\/03\/Start1-Gayer114058.gif\"><div class=\"fusion-builder-row fusion-row \"><div  class=\"fusion-layout-column fusion_builder_column fusion_builder_column_1_1  fusion-one-full fusion-column-first fusion-column-last test 1_1\"  style='margin-top:0px;margin-bottom:20px;'>\n\t\t\t\t\t<div class=\"fusion-column-wrapper\" style=\"padding: 8% 6% 8% 6%;background-position:left top;background-repeat:no-repeat;-webkit-background-size:cover;-moz-background-size:cover;-o-background-size:cover;background-size:cover;\"   data-bg-url=\"\">\n\t\t\t\t\t\t<div class=\"fusion-text\"><h2 style=\"text-align: center;\"><span style=\"color: #ffffff;\">GAYER &#8211; f\u00fcr Ihren Fortschritt!<\/span><\/h2>\n<\/div><div class=\"fusion-clearfix\"><\/div>\n\n\t\t\t\t\t<\/div>\n\t\t\t\t<\/div><\/div><\/div><\/p>\n","protected":false},"excerpt":{"rendered":"","protected":false},"author":1,"featured_media":0,"parent":0,"menu_order":0,"comment_status":"closed","ping_status":"closed","template":"100-width.php","meta":[],"yoast_head":"<!-- This site is optimized with the Yoast SEO plugin v19.3 - https:\/\/yoast.com\/wordpress\/plugins\/seo\/ -->\n<title>Gayer Erdbau + Transport GmbH - Referenzen<\/title>\n<meta name=\"description\" content=\"Hier finden Sie einige Beispiele von Bauprojekten, die unseren Leistungsumfangund unsere langj\u00e4hrige Erfahrung widerspiegeln.\" \/>\n<meta name=\"robots\" content=\"index, follow, max-snippet:-1, max-image-preview:large, max-video-preview:-1\" \/>\n<link rel=\"canonical\" href=\"https:\/\/gayer-erdarbeiten.de\/inhalt\/referenzen\/\" \/>\n<meta property=\"og:locale\" content=\"de_DE\" \/>\n<meta property=\"og:type\" content=\"article\" \/>\n<meta property=\"og:title\" content=\"Gayer Erdbau + Transport GmbH - Referenzen\" \/>\n<meta property=\"og:description\" content=\"Hier finden Sie einige Beispiele von Bauprojekten, die unseren Leistungsumfangund unsere langj\u00e4hrige Erfahrung widerspiegeln.\" \/>\n<meta property=\"og:url\" content=\"https:\/\/gayer-erdarbeiten.de\/inhalt\/referenzen\/\" \/>\n<meta property=\"og:site_name\" content=\"Gayer Erdbau + Transport GmbH\" \/>\n<meta property=\"article:modified_time\" content=\"2019-03-01T09:41:53+00:00\" \/>\n<meta name=\"twitter:card\" content=\"summary_large_image\" \/>\n<meta name=\"twitter:label1\" content=\"Gesch\u00e4tzte Lesezeit\" \/>\n\t<meta name=\"twitter:data1\" content=\"4\u00a0Minuten\" \/>\n<script type=\"application\/ld+json\" class=\"yoast-schema-graph\">{\"@context\":\"https:\/\/schema.org\",\"@graph\":[{\"@type\":\"WebSite\",\"@id\":\"https:\/\/gayer-erdarbeiten.de\/inhalt\/#website\",\"url\":\"https:\/\/gayer-erdarbeiten.de\/inhalt\/\",\"name\":\"Gayer Erdbau + Transport GmbH\",\"description\":\"Erfahrung macht\u2019s, wenn Profis baggern.\",\"potentialAction\":[{\"@type\":\"SearchAction\",\"target\":{\"@type\":\"EntryPoint\",\"urlTemplate\":\"https:\/\/gayer-erdarbeiten.de\/inhalt\/?s={search_term_string}\"},\"query-input\":\"required name=search_term_string\"}],\"inLanguage\":\"de\"},{\"@type\":\"WebPage\",\"@id\":\"https:\/\/gayer-erdarbeiten.de\/inhalt\/referenzen\/\",\"url\":\"https:\/\/gayer-erdarbeiten.de\/inhalt\/referenzen\/\",\"name\":\"Gayer Erdbau + Transport GmbH - Referenzen\",\"isPartOf\":{\"@id\":\"https:\/\/gayer-erdarbeiten.de\/inhalt\/#website\"},\"datePublished\":\"2017-12-07T20:59:05+00:00\",\"dateModified\":\"2019-03-01T09:41:53+00:00\",\"description\":\"Hier finden Sie einige Beispiele von Bauprojekten, die unseren Leistungsumfangund unsere langj\u00e4hrige Erfahrung widerspiegeln.\",\"breadcrumb\":{\"@id\":\"https:\/\/gayer-erdarbeiten.de\/inhalt\/referenzen\/#breadcrumb\"},\"inLanguage\":\"de\",\"potentialAction\":[{\"@type\":\"ReadAction\",\"target\":[\"https:\/\/gayer-erdarbeiten.de\/inhalt\/referenzen\/\"]}]},{\"@type\":\"BreadcrumbList\",\"@id\":\"https:\/\/gayer-erdarbeiten.de\/inhalt\/referenzen\/#breadcrumb\",\"itemListElement\":[{\"@type\":\"ListItem\",\"position\":1,\"name\":\"Startseite\",\"item\":\"https:\/\/gayer-erdarbeiten.de\/inhalt\/\"},{\"@type\":\"ListItem\",\"position\":2,\"name\":\"Referenzen\"}]}]}<\/script>\n<!-- \/ Yoast SEO plugin. -->","yoast_head_json":{"title":"Gayer Erdbau + Transport GmbH - Referenzen","description":"Hier finden Sie einige Beispiele von Bauprojekten, die unseren Leistungsumfangund unsere langj\u00e4hrige Erfahrung widerspiegeln.","robots":{"index":"index","follow":"follow","max-snippet":"max-snippet:-1","max-image-preview":"max-image-preview:large","max-video-preview":"max-video-preview:-1"},"canonical":"https:\/\/gayer-erdarbeiten.de\/inhalt\/referenzen\/","og_locale":"de_DE","og_type":"article","og_title":"Gayer Erdbau + Transport GmbH - Referenzen","og_description":"Hier finden Sie einige Beispiele von Bauprojekten, die unseren Leistungsumfangund unsere langj\u00e4hrige Erfahrung widerspiegeln.","og_url":"https:\/\/gayer-erdarbeiten.de\/inhalt\/referenzen\/","og_site_name":"Gayer Erdbau + Transport GmbH","article_modified_time":"2019-03-01T09:41:53+00:00","twitter_card":"summary_large_image","twitter_misc":{"Gesch\u00e4tzte Lesezeit":"4\u00a0Minuten"},"schema":{"@context":"https:\/\/schema.org","@graph":[{"@type":"WebSite","@id":"https:\/\/gayer-erdarbeiten.de\/inhalt\/#website","url":"https:\/\/gayer-erdarbeiten.de\/inhalt\/","name":"Gayer Erdbau + Transport GmbH","description":"Erfahrung macht\u2019s, wenn Profis baggern.","potentialAction":[{"@type":"SearchAction","target":{"@type":"EntryPoint","urlTemplate":"https:\/\/gayer-erdarbeiten.de\/inhalt\/?s={search_term_string}"},"query-input":"required name=search_term_string"}],"inLanguage":"de"},{"@type":"WebPage","@id":"https:\/\/gayer-erdarbeiten.de\/inhalt\/referenzen\/","url":"https:\/\/gayer-erdarbeiten.de\/inhalt\/referenzen\/","name":"Gayer Erdbau + Transport GmbH - Referenzen","isPartOf":{"@id":"https:\/\/gayer-erdarbeiten.de\/inhalt\/#website"},"datePublished":"2017-12-07T20:59:05+00:00","dateModified":"2019-03-01T09:41:53+00:00","description":"Hier finden Sie einige Beispiele von Bauprojekten, die unseren Leistungsumfangund unsere langj\u00e4hrige Erfahrung widerspiegeln.","breadcrumb":{"@id":"https:\/\/gayer-erdarbeiten.de\/inhalt\/referenzen\/#breadcrumb"},"inLanguage":"de","potentialAction":[{"@type":"ReadAction","target":["https:\/\/gayer-erdarbeiten.de\/inhalt\/referenzen\/"]}]},{"@type":"BreadcrumbList","@id":"https:\/\/gayer-erdarbeiten.de\/inhalt\/referenzen\/#breadcrumb","itemListElement":[{"@type":"ListItem","position":1,"name":"Startseite","item":"https:\/\/gayer-erdarbeiten.de\/inhalt\/"},{"@type":"ListItem","position":2,"name":"Referenzen"}]}]}},"_links":{"self":[{"href":"https:\/\/gayer-erdarbeiten.de\/inhalt\/wp-json\/wp\/v2\/pages\/306"}],"collection":[{"href":"https:\/\/gayer-erdarbeiten.de\/inhalt\/wp-json\/wp\/v2\/pages"}],"about":[{"href":"https:\/\/gayer-erdarbeiten.de\/inhalt\/wp-json\/wp\/v2\/types\/page"}],"author":[{"embeddable":true,"href":"https:\/\/gayer-erdarbeiten.de\/inhalt\/wp-json\/wp\/v2\/users\/1"}],"replies":[{"embeddable":true,"href":"https:\/\/gayer-erdarbeiten.de\/inhalt\/wp-json\/wp\/v2\/comments?post=306"}],"version-history":[{"count":37,"href":"https:\/\/gayer-erdarbeiten.de\/inhalt\/wp-json\/wp\/v2\/pages\/306\/revisions"}],"predecessor-version":[{"id":705,"href":"https:\/\/gayer-erdarbeiten.de\/inhalt\/wp-json\/wp\/v2\/pages\/306\/revisions\/705"}],"wp:attachment":[{"href":"https:\/\/gayer-erdarbeiten.de\/inhalt\/wp-json\/wp\/v2\/media?parent=306"}],"curies":[{"name":"wp","href":"https:\/\/api.w.org\/{rel}","templated":true}]}}