{"id":228,"date":"2017-12-06T20:25:17","date_gmt":"2017-12-06T20:25:17","guid":{"rendered":"http:\/\/gayer-erdarbeiten.de\/inhalt\/?page_id=228"},"modified":"2019-03-01T10:33:56","modified_gmt":"2019-03-01T09:33:56","slug":"kontakt","status":"publish","type":"page","link":"https:\/\/gayer-erdarbeiten.de\/inhalt\/kontakt\/","title":{"rendered":"Kontakt"},"content":{"rendered":"<p><div class=\"fusion-fullwidth fullwidth-box nonhundred-percent-fullwidth non-hundred-percent-height-scrolling\"  style='background-color: #f7f7f7;background-position: center center;background-repeat: no-repeat;padding-top:120px;padding-right:0px;padding-bottom:80px;padding-left:0px;'><div class=\"fusion-builder-row fusion-row \"><div  class=\"fusion-layout-column fusion_builder_column fusion_builder_column_1_2  fusion-one-half fusion-column-first 1_2\"  style='margin-top:2%;margin-bottom:2%;width:50%;width:calc(50% - ( ( 6% ) * 0.5 ) );margin-right: 6%;'>\n\t\t\t\t\t<div class=\"fusion-column-wrapper\" style=\"padding: 0px 0px 0px 0px;background-position:left top;background-repeat:no-repeat;-webkit-background-size:cover;-moz-background-size:cover;-o-background-size:cover;background-size:cover;\"   data-bg-url=\"\">\n\t\t\t\t\t\t<div class=\"fusion-text\"><h2>Kontaktformular<\/h2>\n<\/div><div class=\"fusion-sep-clear\"><\/div><div class=\"fusion-separator sep-single sep-solid\" style=\"border-color:#6487c2;border-top-width:2px;margin-top:-20px;margin-bottom:45px;width:100%;max-width:100px;\"><\/div><div class=\"fusion-text\"><p style=\"font-size: 22px; line-height: 32px; font-weight: 300;\">Je mehr Informationen Sie uns bereits jetzt mitteilen umso genauer k\u00f6nnen wir auf Ihre Anfrage reagieren.<\/p>\n<\/div><div class=\"fusion-sep-clear\"><\/div><div class=\"fusion-separator fusion-full-width-sep sep-none\" style=\"margin-left: auto;margin-right: auto;margin-top:30px;\"><\/div><div role=\"form\" class=\"wpcf7\" id=\"wpcf7-f6-o1\" lang=\"en-US\" dir=\"ltr\">\n<div class=\"screen-reader-response\"><p role=\"status\" aria-live=\"polite\" aria-atomic=\"true\"><\/p> <ul><\/ul><\/div>\n<form action=\"\/inhalt\/wp-json\/wp\/v2\/pages\/228#wpcf7-f6-o1\" method=\"post\" class=\"wpcf7-form init\" novalidate=\"novalidate\" data-status=\"init\">\n<div style=\"display: none;\">\n<input type=\"hidden\" name=\"_wpcf7\" value=\"6\" \/>\n<input type=\"hidden\" name=\"_wpcf7_version\" value=\"5.6\" \/>\n<input type=\"hidden\" name=\"_wpcf7_locale\" value=\"en_US\" \/>\n<input type=\"hidden\" name=\"_wpcf7_unit_tag\" value=\"wpcf7-f6-o1\" \/>\n<input type=\"hidden\" name=\"_wpcf7_container_post\" value=\"0\" \/>\n<input type=\"hidden\" name=\"_wpcf7_posted_data_hash\" value=\"\" \/>\n<\/div>\n<p><label> Betreff<br \/>\n    <span class=\"wpcf7-form-control-wrap\" data-name=\"your-subject\"><input type=\"text\" name=\"your-subject\" value=\"\" size=\"40\" class=\"wpcf7-form-control wpcf7-text\" aria-invalid=\"false\" \/><\/span> <\/label><\/p>\n<p><label> Firma<br \/>\n    <span class=\"wpcf7-form-control-wrap\" data-name=\"your-Firma\"><input type=\"text\" name=\"your-Firma\" value=\"\" size=\"40\" class=\"wpcf7-form-control wpcf7-text\" aria-invalid=\"false\" \/><\/span> <\/label><\/p>\n<p><label> Name \/ Ansprechpartner (Pflichtfeld)<br \/>\n    <span class=\"wpcf7-form-control-wrap\" data-name=\"your-name\"><input type=\"text\" name=\"your-name\" value=\"\" size=\"40\" class=\"wpcf7-form-control wpcf7-text wpcf7-validates-as-required\" aria-required=\"true\" aria-invalid=\"false\" \/><\/span> <\/label><\/p>\n<p><label> Stra\u00dfe<br \/>\n    <span class=\"wpcf7-form-control-wrap\" data-name=\"your-Strasse\"><input type=\"text\" name=\"your-Strasse\" value=\"\" size=\"40\" class=\"wpcf7-form-control wpcf7-text\" aria-invalid=\"false\" \/><\/span> <\/label><\/p>\n<p><label> PLZ Wohnort<br \/>\n    <span class=\"wpcf7-form-control-wrap\" data-name=\"your-Wohnort\"><input type=\"text\" name=\"your-Wohnort\" value=\"\" size=\"40\" class=\"wpcf7-form-control wpcf7-text\" aria-invalid=\"false\" \/><\/span> <\/label><\/p>\n<p><label> Telefon<br \/>\n    <span class=\"wpcf7-form-control-wrap\" data-name=\"your-Telefon\"><input type=\"text\" name=\"your-Telefon\" value=\"\" size=\"40\" class=\"wpcf7-form-control wpcf7-text\" aria-invalid=\"false\" \/><\/span> <\/label><\/p>\n<p><label> Telefax<br \/>\n    <span class=\"wpcf7-form-control-wrap\" data-name=\"your-Telefax\"><input type=\"text\" name=\"your-Telefax\" value=\"\" size=\"40\" class=\"wpcf7-form-control wpcf7-text\" aria-invalid=\"false\" \/><\/span> <\/label><\/p>\n<p><label> Ihre E-Mail-Adresse (Pflichtfeld)<br \/>\n    <span class=\"wpcf7-form-control-wrap\" data-name=\"your-email\"><input type=\"email\" name=\"your-email\" value=\"\" size=\"40\" class=\"wpcf7-form-control wpcf7-text wpcf7-email wpcf7-validates-as-required wpcf7-validates-as-email\" aria-required=\"true\" aria-invalid=\"false\" \/><\/span> <\/label><\/p>\n<p><label> Ihre Nachricht<br \/>\n    <span class=\"wpcf7-form-control-wrap\" data-name=\"your-message\"><textarea name=\"your-message\" cols=\"40\" rows=\"10\" class=\"wpcf7-form-control wpcf7-textarea\" aria-invalid=\"false\"><\/textarea><\/span> <\/label><\/p>\n<p>Ihr Vorhaben<br \/>\n<span class=\"wpcf7-form-control-wrap\" data-name=\"Vorhaben\"><span class=\"wpcf7-form-control wpcf7-checkbox\"><span class=\"wpcf7-list-item first\"><label><input type=\"checkbox\" name=\"Vorhaben[]\" value=\"Erdarbeiten\" \/><span class=\"wpcf7-list-item-label\">Erdarbeiten<\/span><\/label><\/span><span class=\"wpcf7-list-item\"><label><input type=\"checkbox\" name=\"Vorhaben[]\" value=\"Erdbewegung\" \/><span class=\"wpcf7-list-item-label\">Erdbewegung<\/span><\/label><\/span><span class=\"wpcf7-list-item\"><label><input type=\"checkbox\" name=\"Vorhaben[]\" value=\"Abbrucharbeiten\" \/><span class=\"wpcf7-list-item-label\">Abbrucharbeiten<\/span><\/label><\/span><span class=\"wpcf7-list-item\"><label><input type=\"checkbox\" name=\"Vorhaben[]\" value=\"Transport\" \/><span class=\"wpcf7-list-item-label\">Transport<\/span><\/label><\/span><span class=\"wpcf7-list-item last\"><label><input type=\"checkbox\" name=\"Vorhaben[]\" value=\"Sonstiges\" \/><span class=\"wpcf7-list-item-label\">Sonstiges<\/span><\/label><\/span><\/span><\/span><\/p>\n<p><input type=\"submit\" value=\"Senden\" class=\"wpcf7-form-control has-spinner wpcf7-submit\" \/><\/p>\n<div class=\"fusion-alert alert custom alert-custom fusion-alert-center fusion-alert-capitalize alert-dismissable wpcf7-response-output\" style=\"border-width:1px;\"><button style=\"color:;border-color:;\" type=\"button\" class=\"close toggle-alert\" data-dismiss=\"alert\" aria-hidden=\"true\">&times;<\/button><div class=\"fusion-alert-content-wrapper\"><span class=\"fusion-alert-content\"><\/span><\/div><\/div><\/form><\/div><div class=\"fusion-clearfix\"><\/div>\n\n\t\t\t\t\t<\/div>\n\t\t\t\t<\/div><div  class=\"fusion-layout-column fusion_builder_column fusion_builder_column_1_2  fusion-one-half fusion-column-last fusion-column-no-min-height 1_2\"  style='margin-top:2%;margin-bottom:2%;width:50%;width:calc(50% - ( ( 6% ) * 0.5 ) );'>\n\t\t\t\t\t<div class=\"fusion-column-wrapper\" style=\"padding: 0px 0px 0px 0px;background-position:left top;background-repeat:no-repeat;-webkit-background-size:cover;-moz-background-size:cover;-o-background-size:cover;background-size:cover;\"   data-bg-url=\"\">\n\t\t\t\t\t\t<div class=\"fusion-text\"><h2>Kontaktdaten<\/h2>\n<\/div><div class=\"fusion-sep-clear\"><\/div><div class=\"fusion-separator sep-single sep-solid\" style=\"border-color:#6487c2;border-top-width:2px;margin-top:-20px;margin-bottom:45px;width:100%;max-width:100px;\"><\/div><ul class=\"fusion-checklist fusion-checklist-1\" style=\"font-size:16px;line-height:27.2px;\"><li class=\"fusion-li-item\"><span style=\"height:27.2px;width:27.2px;margin-right:11.2px;\" class=\"icon-wrapper circle-no\"><i class=\"fusion-li-icon  fa fa-home\" style=\"color:#88929d;\"><\/i><\/span><div class=\"fusion-li-item-content\" style=\"margin-left:38.4px;\">\n<p>Gayer Erdbau + Transport GmbH<br \/>\nWeinkellerstra\u00dfe 5<br \/>\n71665 Vaihingen\/Enz-Ro\u00dfwag<\/p>\n<\/div><\/li><li class=\"fusion-li-item\"><span style=\"height:27.2px;width:27.2px;margin-right:11.2px;\" class=\"icon-wrapper circle-no\"><i class=\"fusion-li-icon  fa fa-phone\" style=\"color:#88929d;\"><\/i><\/span><div class=\"fusion-li-item-content\" style=\"margin-left:38.4px;\">\n<p>07042 \/ 219 42<\/p>\n<\/div><\/li><li class=\"fusion-li-item\"><span style=\"height:27.2px;width:27.2px;margin-right:11.2px;\" class=\"icon-wrapper circle-no\"><i class=\"fusion-li-icon  fa fa-print\" style=\"color:#88929d;\"><\/i><\/span><div class=\"fusion-li-item-content\" style=\"margin-left:38.4px;\">\n<p>07042 \/ 20 69<\/p>\n<\/div><\/li><li class=\"fusion-li-item\"><span style=\"height:27.2px;width:27.2px;margin-right:11.2px;\" class=\"icon-wrapper circle-no\"><i class=\"fusion-li-icon  fa fa-envelope-o\" style=\"color:#88929d;\"><\/i><\/span><div class=\"fusion-li-item-content\" style=\"margin-left:38.4px;\">\n<p><a href=\"mailto:kontakt@gayer-erdarbeiten.de\">kontakt@gayer-erdarbeiten.de<\/a><\/p>\n<\/div><\/li><li class=\"fusion-li-item\"><span style=\"height:27.2px;width:27.2px;margin-right:11.2px;\" class=\"icon-wrapper circle-no\"><i class=\"fusion-li-icon  fa fa-link\" style=\"color:#88929d;\"><\/i><\/span><div class=\"fusion-li-item-content\" style=\"margin-left:38.4px;\">\n<p><a href=\"https:\/\/gayer-erdarbeiten.de\">Gayer-Erdarbeiten.de<\/a><\/p>\n<\/div><\/li><\/ul><div class=\"fusion-sep-clear\"><\/div><div class=\"fusion-separator fusion-full-width-sep sep-none\" style=\"margin-left: auto;margin-right: auto;margin-top:30px;\"><\/div><div class=\"fusion-builder-row fusion-builder-row-inner fusion-row \"><div  class=\"fusion-layout-column fusion_builder_column fusion_builder_column_1_1  fusion-one-full fusion-column-first fusion-column-last fusion-column-inner-bg-wrapper 1_1\"  style='margin-top: 0px;margin-bottom: 20px;'>\n\t\t\t\t\t<div class=\"fusion-column-wrapper\" style=\"padding: 5% 5% 5% 5%;\" data-bg-url=\"\">\n\t\t\t\t\t\t<div class=\"fusion-text\"><p style=\"font-size: 22px; color: #fff; margin-bottom: 10px;\">Z\u00f6gern Sie nicht uns<\/p>\n<h2 style=\"color: #fff; margin: 0; font-size: 42px; line-height: 42px;\"><a href=\"https:\/\/gayer-erdarbeiten.de\" target=\"_blank\" rel=\"noopener noreferrer\">anzusprechen!<\/a><\/h2>\n<\/div>\n\t\t\t\t\t<\/div>\n\t\t\t\t\t<span class=\"fusion-column-inner-bg hover-type-liftup\">\n\t\t\t\t\t\t<a >\n\t\t\t\t\t\t\t<span class=\"fusion-column-inner-bg-image\" style=\"background-color:#92c4d5;background-position:left top;background-repeat:no-repeat;-webkit-background-size:cover;-moz-background-size:cover;-o-background-size:cover;background-size:cover;\"><\/span><\/a>\n\t\t\t\t\t<\/span>\n\t\t\t\t<\/div><\/div><div class=\"fusion-sep-clear\"><\/div><div class=\"fusion-separator fusion-full-width-sep sep-none\" style=\"margin-left: auto;margin-right: auto;margin-top:30px;\"><\/div><div class=\"fusion-text\"><p>Wir unterbreiten Ihnen gerne ein individuelles auf Sie und Ihr Vorhaben zugeschnittenes Angebot. Nat\u00fcrlich g\u00e4nzlich unverbindlich und ohne Kosten.<br \/>\nWir freuen uns auf Ihre Anfrage.<\/p>\n<\/div><div class=\"fusion-clearfix\"><\/div>\n\n\t\t\t\t\t<\/div>\n\t\t\t\t<\/div><\/div><\/div><div class=\"fusion-fullwidth fullwidth-box fusion-parallax-none nonhundred-percent-fullwidth non-hundred-percent-height-scrolling lazyload\"  style='background-color: rgba(255,255,255,0);background-position: center center;background-repeat: no-repeat;padding-top:7%;padding-right:0px;padding-bottom:7%;padding-left:0px;-webkit-background-size:cover;-moz-background-size:cover;-o-background-size:cover;background-size:cover;' data-bg=\"https:\/\/gayer-erdarbeiten.de\/inhalt\/wp-content\/uploads\/2018\/03\/Start2-Gayer112336.gif\"><div class=\"fusion-builder-row fusion-row \"><div  class=\"fusion-layout-column fusion_builder_column fusion_builder_column_1_1  fusion-one-full fusion-column-first fusion-column-last test 1_1\"  style='margin-top:0px;margin-bottom:20px;'>\n\t\t\t\t\t<div class=\"fusion-column-wrapper\" style=\"padding: 8% 6% 8% 6%;background-position:left top;background-repeat:no-repeat;-webkit-background-size:cover;-moz-background-size:cover;-o-background-size:cover;background-size:cover;\"   data-bg-url=\"\">\n\t\t\t\t\t\t<div class=\"fusion-text\"><h2 style=\"text-align: center;\"><span style=\"color: #ffffff;\">GAYER &#8211; immer das passende Werkzeug.<\/span><\/h2>\n<\/div><div class=\"fusion-clearfix\"><\/div>\n\n\t\t\t\t\t<\/div>\n\t\t\t\t<\/div><\/div><\/div><\/p>\n","protected":false},"excerpt":{"rendered":"","protected":false},"author":1,"featured_media":0,"parent":0,"menu_order":0,"comment_status":"closed","ping_status":"closed","template":"100-width.php","meta":[],"yoast_head":"<!-- This site is optimized with the Yoast SEO plugin v19.3 - https:\/\/yoast.com\/wordpress\/plugins\/seo\/ -->\n<title>Gayer Erdbau + Transport GmbH - Kontakt<\/title>\n<meta name=\"description\" content=\"Kontakt Gayer Erdbau + Transport GmbH - Wir beraten Sie gerne pers\u00f6nlich f\u00fcr Ihr Bauprojekt, hier finden Sie einen pers\u00f6nlichen Ansprechpartner.\" \/>\n<meta name=\"robots\" content=\"index, follow, max-snippet:-1, max-image-preview:large, max-video-preview:-1\" \/>\n<link rel=\"canonical\" href=\"https:\/\/gayer-erdarbeiten.de\/inhalt\/kontakt\/\" \/>\n<meta property=\"og:locale\" content=\"de_DE\" \/>\n<meta property=\"og:type\" content=\"article\" \/>\n<meta property=\"og:title\" content=\"Gayer Erdbau + Transport GmbH - Kontakt\" \/>\n<meta property=\"og:description\" content=\"Kontakt Gayer Erdbau + Transport GmbH - Wir beraten Sie gerne pers\u00f6nlich f\u00fcr Ihr Bauprojekt, hier finden Sie einen pers\u00f6nlichen Ansprechpartner.\" \/>\n<meta property=\"og:url\" content=\"https:\/\/gayer-erdarbeiten.de\/inhalt\/kontakt\/\" \/>\n<meta property=\"og:site_name\" content=\"Gayer Erdbau + Transport GmbH\" \/>\n<meta property=\"article:modified_time\" content=\"2019-03-01T09:33:56+00:00\" \/>\n<meta name=\"twitter:card\" content=\"summary_large_image\" \/>\n<meta name=\"twitter:label1\" content=\"Gesch\u00e4tzte Lesezeit\" \/>\n\t<meta name=\"twitter:data1\" content=\"4\u00a0Minuten\" \/>\n<script type=\"application\/ld+json\" class=\"yoast-schema-graph\">{\"@context\":\"https:\/\/schema.org\",\"@graph\":[{\"@type\":\"WebSite\",\"@id\":\"https:\/\/gayer-erdarbeiten.de\/inhalt\/#website\",\"url\":\"https:\/\/gayer-erdarbeiten.de\/inhalt\/\",\"name\":\"Gayer Erdbau + Transport GmbH\",\"description\":\"Erfahrung macht\u2019s, wenn Profis baggern.\",\"potentialAction\":[{\"@type\":\"SearchAction\",\"target\":{\"@type\":\"EntryPoint\",\"urlTemplate\":\"https:\/\/gayer-erdarbeiten.de\/inhalt\/?s={search_term_string}\"},\"query-input\":\"required name=search_term_string\"}],\"inLanguage\":\"de\"},{\"@type\":\"WebPage\",\"@id\":\"https:\/\/gayer-erdarbeiten.de\/inhalt\/kontakt\/\",\"url\":\"https:\/\/gayer-erdarbeiten.de\/inhalt\/kontakt\/\",\"name\":\"Gayer Erdbau + Transport GmbH - Kontakt\",\"isPartOf\":{\"@id\":\"https:\/\/gayer-erdarbeiten.de\/inhalt\/#website\"},\"datePublished\":\"2017-12-06T20:25:17+00:00\",\"dateModified\":\"2019-03-01T09:33:56+00:00\",\"description\":\"Kontakt Gayer Erdbau + Transport GmbH - Wir beraten Sie gerne pers\u00f6nlich f\u00fcr Ihr Bauprojekt, hier finden Sie einen pers\u00f6nlichen Ansprechpartner.\",\"breadcrumb\":{\"@id\":\"https:\/\/gayer-erdarbeiten.de\/inhalt\/kontakt\/#breadcrumb\"},\"inLanguage\":\"de\",\"potentialAction\":[{\"@type\":\"ReadAction\",\"target\":[\"https:\/\/gayer-erdarbeiten.de\/inhalt\/kontakt\/\"]}]},{\"@type\":\"BreadcrumbList\",\"@id\":\"https:\/\/gayer-erdarbeiten.de\/inhalt\/kontakt\/#breadcrumb\",\"itemListElement\":[{\"@type\":\"ListItem\",\"position\":1,\"name\":\"Startseite\",\"item\":\"https:\/\/gayer-erdarbeiten.de\/inhalt\/\"},{\"@type\":\"ListItem\",\"position\":2,\"name\":\"Kontakt\"}]}]}<\/script>\n<!-- \/ Yoast SEO plugin. -->","yoast_head_json":{"title":"Gayer Erdbau + Transport GmbH - Kontakt","description":"Kontakt Gayer Erdbau + Transport GmbH - Wir beraten Sie gerne pers\u00f6nlich f\u00fcr Ihr Bauprojekt, hier finden Sie einen pers\u00f6nlichen Ansprechpartner.","robots":{"index":"index","follow":"follow","max-snippet":"max-snippet:-1","max-image-preview":"max-image-preview:large","max-video-preview":"max-video-preview:-1"},"canonical":"https:\/\/gayer-erdarbeiten.de\/inhalt\/kontakt\/","og_locale":"de_DE","og_type":"article","og_title":"Gayer Erdbau + Transport GmbH - Kontakt","og_description":"Kontakt Gayer Erdbau + Transport GmbH - Wir beraten Sie gerne pers\u00f6nlich f\u00fcr Ihr Bauprojekt, hier finden Sie einen pers\u00f6nlichen Ansprechpartner.","og_url":"https:\/\/gayer-erdarbeiten.de\/inhalt\/kontakt\/","og_site_name":"Gayer Erdbau + Transport GmbH","article_modified_time":"2019-03-01T09:33:56+00:00","twitter_card":"summary_large_image","twitter_misc":{"Gesch\u00e4tzte Lesezeit":"4\u00a0Minuten"},"schema":{"@context":"https:\/\/schema.org","@graph":[{"@type":"WebSite","@id":"https:\/\/gayer-erdarbeiten.de\/inhalt\/#website","url":"https:\/\/gayer-erdarbeiten.de\/inhalt\/","name":"Gayer Erdbau + Transport GmbH","description":"Erfahrung macht\u2019s, wenn Profis baggern.","potentialAction":[{"@type":"SearchAction","target":{"@type":"EntryPoint","urlTemplate":"https:\/\/gayer-erdarbeiten.de\/inhalt\/?s={search_term_string}"},"query-input":"required name=search_term_string"}],"inLanguage":"de"},{"@type":"WebPage","@id":"https:\/\/gayer-erdarbeiten.de\/inhalt\/kontakt\/","url":"https:\/\/gayer-erdarbeiten.de\/inhalt\/kontakt\/","name":"Gayer Erdbau + Transport GmbH - Kontakt","isPartOf":{"@id":"https:\/\/gayer-erdarbeiten.de\/inhalt\/#website"},"datePublished":"2017-12-06T20:25:17+00:00","dateModified":"2019-03-01T09:33:56+00:00","description":"Kontakt Gayer Erdbau + Transport GmbH - Wir beraten Sie gerne pers\u00f6nlich f\u00fcr Ihr Bauprojekt, hier finden Sie einen pers\u00f6nlichen Ansprechpartner.","breadcrumb":{"@id":"https:\/\/gayer-erdarbeiten.de\/inhalt\/kontakt\/#breadcrumb"},"inLanguage":"de","potentialAction":[{"@type":"ReadAction","target":["https:\/\/gayer-erdarbeiten.de\/inhalt\/kontakt\/"]}]},{"@type":"BreadcrumbList","@id":"https:\/\/gayer-erdarbeiten.de\/inhalt\/kontakt\/#breadcrumb","itemListElement":[{"@type":"ListItem","position":1,"name":"Startseite","item":"https:\/\/gayer-erdarbeiten.de\/inhalt\/"},{"@type":"ListItem","position":2,"name":"Kontakt"}]}]}},"_links":{"self":[{"href":"https:\/\/gayer-erdarbeiten.de\/inhalt\/wp-json\/wp\/v2\/pages\/228"}],"collection":[{"href":"https:\/\/gayer-erdarbeiten.de\/inhalt\/wp-json\/wp\/v2\/pages"}],"about":[{"href":"https:\/\/gayer-erdarbeiten.de\/inhalt\/wp-json\/wp\/v2\/types\/page"}],"author":[{"embeddable":true,"href":"https:\/\/gayer-erdarbeiten.de\/inhalt\/wp-json\/wp\/v2\/users\/1"}],"replies":[{"embeddable":true,"href":"https:\/\/gayer-erdarbeiten.de\/inhalt\/wp-json\/wp\/v2\/comments?post=228"}],"version-history":[{"count":20,"href":"https:\/\/gayer-erdarbeiten.de\/inhalt\/wp-json\/wp\/v2\/pages\/228\/revisions"}],"predecessor-version":[{"id":703,"href":"https:\/\/gayer-erdarbeiten.de\/inhalt\/wp-json\/wp\/v2\/pages\/228\/revisions\/703"}],"wp:attachment":[{"href":"https:\/\/gayer-erdarbeiten.de\/inhalt\/wp-json\/wp\/v2\/media?parent=228"}],"curies":[{"name":"wp","href":"https:\/\/api.w.org\/{rel}","templated":true}]}}